{"id":16,"date":"2025-06-29T07:55:12","date_gmt":"2025-06-29T07:55:12","guid":{"rendered":"https:\/\/reservation.bojett.com\/?page_id=16"},"modified":"2025-09-14T13:01:30","modified_gmt":"2025-09-14T11:01:30","slug":"infos","status":"publish","type":"page","link":"https:\/\/reservation.bojett.com\/de\/infos\/","title":{"rendered":"Infos"},"content":{"rendered":"<p>Wir nehmen Gruppenreservationen entgegen, um sicherzustellen, dass grosse Gruppen\/Clans\/Organisationen an der LAN zusammensitzen k\u00f6nnen. Der Gruppenreservierungsprozess umfasst nur die Sitzpl\u00e4tze auf dem Sitzplan; alle Mitglieder der Gruppe m\u00fcssen ihr Ticket weiterhin \u00fcber ihr eigenes Konto kaufen. Wir verkaufen keine Gruppentickets in grossen Mengen oder auf Rechnung.<\/p>\n\n\n\n<p><br>Eine Gruppenreservation ist ab sechs (6) Personen m\u00f6glich.<\/p>\n\n\n\n<p><br>Anmeldeschluss f\u00fcr Gruppenreservationen ist: 01.09.2025<\/p>\n\n\n\n<div style=\"height:60px\" aria-hidden=\"true\" class=\"wp-block-spacer\"><\/div>\n\n\n\n<h2 class=\"wp-block-heading\">Timetable<\/h2>\n\n\n\n<figure class=\"wp-block-table is-style-regular\"><table><tbody><tr><td>01.09.2025<\/td><td>Ende der Gruppenreservationen<\/td><\/tr><tr><td>31.08.2025<\/td><td>Sitzplan geht online<\/td><\/tr><tr><td>11.09.2025<\/td><td>Deine Gruppe f\u00e4hrt fort und bezahlt die restlichen 2\/3 (66%) der Tickets.<\/td><\/tr><tr><td>17.09.2025<\/td><td>Ihr habt bis zu diesem Stichtag Zeit, alle reservierten Pl\u00e4tze zu bezahlen. \/ Nach diesem Datum werden alle reservierten, aber unbezahlten Pl\u00e4tze f\u00fcr die \u00d6ffentlichkeit freigegeben. Wir k\u00f6nnen euch diese Pl\u00e4tze nicht mehr garantieren.<\/td><\/tr><tr><td>28.09.2025 <\/td><td>Sitzplan wird gesperrt<\/td><\/tr><tr><td>02.10.2025<\/td><td>LAN Start<\/td><\/tr><\/tbody><\/table><\/figure>\n\n\n\n<p><\/p>","protected":false},"excerpt":{"rendered":"<p>We take Group Reservation to ensure big groups\/clans\/organizations that they can sit together at the LAN. The Group Reservations process covers just the seating on the Seating Map, all members of the group still need to buy a ticket on their own account. We don&#8217;t sell group tickets in bulk or via invoice. Group Reservation [&hellip;]<\/p>","protected":false},"author":1,"featured_media":0,"parent":0,"menu_order":0,"comment_status":"closed","ping_status":"closed","template":"page-info.php","meta":{"footnotes":""},"class_list":["post-16","page","type-page","status-publish","hentry"],"_links":{"self":[{"href":"https:\/\/reservation.bojett.com\/de\/wp-json\/wp\/v2\/pages\/16","targetHints":{"allow":["GET"]}}],"collection":[{"href":"https:\/\/reservation.bojett.com\/de\/wp-json\/wp\/v2\/pages"}],"about":[{"href":"https:\/\/reservation.bojett.com\/de\/wp-json\/wp\/v2\/types\/page"}],"author":[{"embeddable":true,"href":"https:\/\/reservation.bojett.com\/de\/wp-json\/wp\/v2\/users\/1"}],"replies":[{"embeddable":true,"href":"https:\/\/reservation.bojett.com\/de\/wp-json\/wp\/v2\/comments?post=16"}],"version-history":[{"count":17,"href":"https:\/\/reservation.bojett.com\/de\/wp-json\/wp\/v2\/pages\/16\/revisions"}],"predecessor-version":[{"id":374,"href":"https:\/\/reservation.bojett.com\/de\/wp-json\/wp\/v2\/pages\/16\/revisions\/374"}],"wp:attachment":[{"href":"https:\/\/reservation.bojett.com\/de\/wp-json\/wp\/v2\/media?parent=16"}],"curies":[{"name":"wp","href":"https:\/\/api.w.org\/{rel}","templated":true}]}}