{"id":2,"date":"2025-06-27T07:40:40","date_gmt":"2025-06-27T07:40:40","guid":{"rendered":"https:\/\/reservation.bojett.com\/?page_id=2"},"modified":"2025-07-01T08:33:02","modified_gmt":"2025-07-01T08:33:02","slug":"sample-page","status":"publish","type":"page","link":"https:\/\/reservation.bojett.com\/de\/","title":{"rendered":"Dashboard"},"content":{"rendered":"<h2 class=\"wp-block-heading\">Gruppenreservationen f\u00fcr unsere LAN Parties<\/h2>\n\n\n\n<p>Willkommen zum Gruppenreservations Tool!<br><br>Hier k\u00f6nnen Gruppenleiter ganz einfach Pl\u00e4tze f\u00fcr ihre gesamte Gruppe f\u00fcr unsere LAN-Parties buchen.<br><br><strong>So funktioniert's:<\/strong><br>W\u00e4hle einfach deine LAN-Veranstaltung aus, erstelle deine Gruppe und gib die Anzahl der Teilnehmer an.<br><br><strong>Um es offiziell zu machen:<\/strong><br>Deine Reservierung wird g\u00fcltig und die Pl\u00e4tze sind gesichert, sobald mindestens 33% der Teilnehmer deiner Gruppe bezahlt haben.<br><br>Wir freuen uns darauf, euch zu sehen und legend\u00e4re Spielesessions zu erleben!<\/p>","protected":false},"excerpt":{"rendered":"<p>Group reservations for our LAN parties Welcome to our group reservation hub! This is where group leaders can easily book spots for their whole crew for our LAN parties. Here&#8217;s how it works:Just select your preferred LAN event, create your group, and specify the number of attendees. To make it official:Your reservation becomes valid and [&hellip;]<\/p>","protected":false},"author":1,"featured_media":0,"parent":0,"menu_order":0,"comment_status":"closed","ping_status":"open","template":"","meta":{"footnotes":""},"class_list":["post-2","page","type-page","status-publish","hentry"],"_links":{"self":[{"href":"https:\/\/reservation.bojett.com\/de\/wp-json\/wp\/v2\/pages\/2","targetHints":{"allow":["GET"]}}],"collection":[{"href":"https:\/\/reservation.bojett.com\/de\/wp-json\/wp\/v2\/pages"}],"about":[{"href":"https:\/\/reservation.bojett.com\/de\/wp-json\/wp\/v2\/types\/page"}],"author":[{"embeddable":true,"href":"https:\/\/reservation.bojett.com\/de\/wp-json\/wp\/v2\/users\/1"}],"replies":[{"embeddable":true,"href":"https:\/\/reservation.bojett.com\/de\/wp-json\/wp\/v2\/comments?post=2"}],"version-history":[{"count":4,"href":"https:\/\/reservation.bojett.com\/de\/wp-json\/wp\/v2\/pages\/2\/revisions"}],"predecessor-version":[{"id":48,"href":"https:\/\/reservation.bojett.com\/de\/wp-json\/wp\/v2\/pages\/2\/revisions\/48"}],"wp:attachment":[{"href":"https:\/\/reservation.bojett.com\/de\/wp-json\/wp\/v2\/media?parent=2"}],"curies":[{"name":"wp","href":"https:\/\/api.w.org\/{rel}","templated":true}]}}