{"id":36,"date":"2025-07-01T06:08:49","date_gmt":"2025-07-01T06:08:49","guid":{"rendered":"https:\/\/reservation.bojett.com\/?page_id=36"},"modified":"2025-09-18T11:34:16","modified_gmt":"2025-09-18T09:34:16","slug":"faq","status":"publish","type":"page","link":"https:\/\/reservation.bojett.com\/de\/faq\/","title":{"rendered":"FAQ"},"content":{"rendered":"<details class=\"wp-block-details is-layout-flow wp-block-details-is-layout-flow\"><summary>Wie kann ich reservierte Sitzpl\u00e4tze auf der LAN Webseite meinen Teilnehmern zuweisen?<\/summary>\n<p>Wir haben einen Schritt-f\u00fcr-Schritt Guide zusammengestellt. <a href=\"https:\/\/groupreservation.switzerlan.ch\/seats-transferred\">Klick hier<\/a>.<\/p>\n<\/details>\n\n\n\n<div style=\"height:20px\" aria-hidden=\"true\" class=\"wp-block-spacer\"><\/div>\n\n\n\n<details class=\"wp-block-details is-layout-flow wp-block-details-is-layout-flow\"><summary>Kann ich mit dem Gruppenreservierungsprozess Tickets f\u00fcr meine Gruppe kaufen?<\/summary>\n<p>Der Gruppenreservierungsprozess deckt nur die Sitzpl\u00e4tze auf dem Sitzplan ab. Alle Mitglieder der Gruppe m\u00fcssen ihr Ticket weiterhin \u00fcber ihr eigenes switzerlan.ch-Konto kaufen.<\/p>\n<\/details>\n\n\n\n<div style=\"height:20px\" aria-hidden=\"true\" class=\"wp-block-spacer\"><\/div>\n\n\n\n<details class=\"wp-block-details is-layout-flow wp-block-details-is-layout-flow\"><summary>Was passiert, wenn wir weniger Personen sind, als im Formular angegeben?<\/summary>\n<p>Schreibe katzenfan9000 eine Direktnachricht auf Discord.<\/p>\n<\/details>\n\n\n\n<div style=\"height:20px\" aria-hidden=\"true\" class=\"wp-block-spacer\"><\/div>\n\n\n\n<details class=\"wp-block-details is-layout-flow wp-block-details-is-layout-flow\"><summary>Was passiert, wenn wir mehr Personen sind, als im Formular angegeben?<\/summary>\n<p>Schreibe katzenfan9000 eine Direktnachricht auf Discord. Nach dem 17.09.2025 k\u00f6nnen wir nicht garantieren, dass wir Platz f\u00fcr die zus\u00e4tzlichen Personen schaffen k\u00f6nnen.<\/p>\n<\/details>\n\n\n\n<div style=\"height:20px\" aria-hidden=\"true\" class=\"wp-block-spacer\"><\/div>\n\n\n\n<p><\/p>\n\n\n\n<details class=\"wp-block-details is-layout-flow wp-block-details-is-layout-flow\"><summary>Was passiert, wenn wir die Fristen f\u00fcr die 2\/3 (66%) und 3\/3 (100%) Ticketk\u00e4ufe nicht einhalten?<\/summary>\n<p>Wenn deine Gruppe die Ticketkaufziele bis zum jeweiligen Stichtag nicht erreicht, geben wir einen Teil der reservierten Pl\u00e4tze wieder frei, damit andere Personen diese buchen k\u00f6nnen.<\/p>\n\n\n\n<div style=\"height:30px\" aria-hidden=\"true\" class=\"wp-block-spacer\"><\/div>\n\n\n\n<p><strong>Beispiel<\/strong><br>\u2013 Deine Gruppe hat reserviert f\u00fcr <strong>22 Pl\u00e4tze<\/strong>.<br>\u2013 Gem\u00e4ss der <strong>2\/3 Deadline<\/strong> (66%), mindestens <strong>14 Pl\u00e4tze<\/strong> m\u00fcssen bezahlt werden (da 2\/3 von 22 etwa 14 sind).<br>\u2013 Aber nur <strong>12 Personen<\/strong> deiner Gruppe haben Tickets gekauft.<\/p>\n\n\n\n<p><\/p>\n\n\n\n<p><\/p>\n\n\n\n<p>Da 2 Tickets fehlen, reduzieren wir deine Reservierung entsprechend der 2\/3-Regel:<\/p>\n\n\n\n<ol class=\"wp-block-list\">\n<li>Nimm die Anzahl der bezahlten Pl\u00e4tze (<strong>12<\/strong>).<\/li>\n\n\n\n<li>Teile durch 2 und multipliziere mit 3 \u2192 <strong>(12 \u00f7 2) \u00d7 3 = 18 Pl\u00e4tze<\/strong> wirst du somit behalten.<\/li>\n\n\n\n<li>Du hattest urspr\u00fcnglich 22 Pl\u00e4tze, somit sind <strong>22 \u2212 18 = 4 Pl\u00e4tze<\/strong> f\u00fcr alle freigegeben.<\/li>\n<\/ol>\n\n\n\n<p><\/p>\n\n\n\n<p>Dadurch wird sichergestellt, dass deine Gruppe nur so viele Pl\u00e4tze reserviert, wie tats\u00e4chlich bis zum jeweiligen Stichtag gekauft haben.<\/p>\n\n\n\n<p><br>Der gleiche Prozess wird auch f\u00fcr die 100%-Regel durchgef\u00fchrt.<\/p>\n\n\n\n<p><\/p>\n<\/details>\n\n\n\n<div style=\"height:21px\" aria-hidden=\"true\" class=\"wp-block-spacer\"><\/div>\n\n\n\n<details class=\"wp-block-details is-layout-flow wp-block-details-is-layout-flow\"><summary>Welche Regeln gelten f\u00fcr die Dekoration unserer Pl\u00e4tze an der LAN?<\/summary>\n<p>Aufgrund der strengen Notfall- und Brandschutzvorschriften der Halle d\u00fcrft ihr keine Gegenst\u00e4nde mitbringen, die in den G\u00e4ngen zwischen den Sitzpl\u00e4tzen platziert werden. Wir erlauben euch, Banner und Roll-ups eures Clans aufzustellen, wenn diese am Ende der Reihe flach am Tisch platziert werden. Bitte beachtet unsere AGB und dass wir vor Ort entscheiden k\u00f6nnen, ob eine Installation entfernt werden muss.<\/p>\n<\/details>","protected":false},"excerpt":{"rendered":"","protected":false},"author":1,"featured_media":0,"parent":0,"menu_order":0,"comment_status":"closed","ping_status":"closed","template":"page-info.php","meta":{"footnotes":""},"class_list":["post-36","page","type-page","status-publish","hentry"],"_links":{"self":[{"href":"https:\/\/reservation.bojett.com\/de\/wp-json\/wp\/v2\/pages\/36","targetHints":{"allow":["GET"]}}],"collection":[{"href":"https:\/\/reservation.bojett.com\/de\/wp-json\/wp\/v2\/pages"}],"about":[{"href":"https:\/\/reservation.bojett.com\/de\/wp-json\/wp\/v2\/types\/page"}],"author":[{"embeddable":true,"href":"https:\/\/reservation.bojett.com\/de\/wp-json\/wp\/v2\/users\/1"}],"replies":[{"embeddable":true,"href":"https:\/\/reservation.bojett.com\/de\/wp-json\/wp\/v2\/comments?post=36"}],"version-history":[{"count":26,"href":"https:\/\/reservation.bojett.com\/de\/wp-json\/wp\/v2\/pages\/36\/revisions"}],"predecessor-version":[{"id":405,"href":"https:\/\/reservation.bojett.com\/de\/wp-json\/wp\/v2\/pages\/36\/revisions\/405"}],"wp:attachment":[{"href":"https:\/\/reservation.bojett.com\/de\/wp-json\/wp\/v2\/media?parent=36"}],"curies":[{"name":"wp","href":"https:\/\/api.w.org\/{rel}","templated":true}]}}